{"id":4017,"date":"2022-12-08T15:01:13","date_gmt":"2022-12-08T15:01:13","guid":{"rendered":"https:\/\/grupoabaco.com.br\/site\/?page_id=4017"},"modified":"2022-12-12T13:44:35","modified_gmt":"2022-12-12T13:44:35","slug":"sobre-nos-2","status":"publish","type":"page","link":"https:\/\/grupoabaco.com.br\/site\/sobre-nos-2\/","title":{"rendered":"SOBRE N\u00d3S"},"content":{"rendered":"<p>[vc_row][vc_column]<div class=\"mf-empty-space \" style=\"\"><div class=\"mf_empty_space_lg\"  style=\"height: 80px\"><\/div><div class=\"mf_empty_space_md\"  style=\"height: 50px\"><\/div><div class=\"mf_empty_space_xs\"  style=\"height: 50px\"><\/div><\/div>[vc_row_inner][vc_column_inner width=&#8221;1\/2&#8243;][vc_single_image image=&#8221;3965&#8243; img_size=&#8221;full&#8221;]<div class=\"mf-empty-space \" style=\"\"><div class=\"mf_empty_space_lg\"  style=\"height: 50px\"><\/div><div class=\"mf_empty_space_md\"  style=\"height: 30px\"><\/div><div class=\"mf_empty_space_xs\"  style=\"height: 30px\"><\/div><\/div>[\/vc_column_inner][vc_column_inner width=&#8221;1\/2&#8243;]<div class=\"mf-empty-space \" style=\"\"><div class=\"mf_empty_space_lg\"  style=\"height: 20px\"><\/div><div class=\"mf_empty_space_md\"  style=\"height: 20px\"><\/div><div class=\"mf_empty_space_xs\"  style=\"height: 20px\"><\/div><\/div>[vc_custom_heading text=&#8221;Somos uma empresa focada em entregar a voc\u00ea, solu\u00e7\u00f5es eficientes e completas, criando parcerias de sucesso e longo prazo&#8221; font_container=&#8221;tag:h2|font_size:24|text_align:left&#8221; use_theme_fonts=&#8221;yes&#8221; el_class=&#8221;fw-medium&#8221; css=&#8221;.vc_custom_1670512620294{margin-top: 0px !important;margin-bottom: 0px !important;}&#8221;]<div class=\"mf-empty-space \" style=\"\"><div class=\"mf_empty_space_lg\"  style=\"height: 25px\"><\/div><div class=\"mf_empty_space_md\"  style=\"height: 25px\"><\/div><div class=\"mf_empty_space_xs\"  style=\"height: 25px\"><\/div><\/div>[vc_column_text]<\/p>\n<h4>O Grupo \u00c1baco se estruturou ao longo dos anos para criar, junto \u00e0 seus parceiros e clientes, uma parceria estrat\u00e9gica no atendimento de suas demandas &#8211; desde o primeiro atendimento, passando pelo planejamento e execu\u00e7\u00e3o de servi\u00e7os &#8211; e a avalia\u00e7\u00e3o e feedback nossa miss\u00e3o primordial \u00e9 entregar qualidade, efici\u00eancia e sustentabilidade em todas as nossas atividades.<\/h4>\n<h4>Venha conversar conosco.<\/h4>\n<p>[\/vc_column_text][\/vc_column_inner][\/vc_row_inner][\/vc_column][\/vc_row][vc_row css=&#8221;.vc_custom_1508747702557{background-color: #f2f2f2 !important;}&#8221;][vc_column]<div class=\"mf-empty-space \" style=\"\"><div class=\"mf_empty_space_lg\"  style=\"height: 80px\"><\/div><div class=\"mf_empty_space_md\"  style=\"height: 50px\"><\/div><div class=\"mf_empty_space_xs\"  style=\"height: 50px\"><\/div><\/div><div class=\"mf-section-title text-left dark large-size \"><h2 >Nossa Hist\u00f3ria<\/h2><\/div><div class=\"mf-empty-space \" style=\"\"><div class=\"mf_empty_space_lg\"  style=\"height: 80px\"><\/div><div class=\"mf_empty_space_md\"  style=\"height: 50px\"><\/div><div class=\"mf_empty_space_xs\"  style=\"height: 50px\"><\/div><\/div>[vc_tta_tabs color=&#8221;black&#8221; spacing=&#8221;5&#8243; gap=&#8221;5&#8243; autoplay=&#8221;4&#8243; active_section=&#8221;1&#8243;][vc_tta_section title=&#8221;Fevereiro de 1984&#8243; tab_id=&#8221;1670513978824-7a102a66-286c&#8221;][vc_column_text]O atual Grupo \u00c1BACO teve seu in\u00edcio em janeiro de 1984, quando seu fundador, William Alves Berbari, estimulado por um amigo e professor de dent\u00edstica, come\u00e7ou a produzir e comercializar fotopolimerizadores de baixo custo. O objetivo era concorrer com um produto de marca alem\u00e3, na \u00e9poca, \u00fanico no mercado. As vendas foram um sucesso e William logo passou a produzir mais um aparelho, os Detectores de Vazamento de \u00c1gua.<br \/>\nSimultaneamente a estas atividades, realizadas como aut\u00f4nomo, William atuava como Engenheiro Agrimensor na COPASA, que solicitou do mesmo o fornecimento dos aparelhos Detectores de Vazamento, exigindo nota fiscal.<\/p>\n<p>Esta exig\u00eancia foi uma boa oportunidade do engenheiro abrir seu pr\u00f3prio neg\u00f3cio. Foi quando, com muito sacrif\u00edcio, dedica\u00e7\u00e3o e determina\u00e7\u00e3o, ele decidiu constituir sua empresa, na \u00e9poca chamada Tecnologia em Equipamentos Eletr\u00f4nicos Ind\u00fastria e Com\u00e9rcio Ltda.<\/p>\n<p>Neste momento, William acumulou a fun\u00e7\u00e3o de Diretor T\u00e9cnico, prospector e vendedor enquanto sua esposa Marisa Guimar\u00e3es Berbari, atuava como Administradora e ainda cumpria as atividades do setor Financeiro e Atendimento em geral.<\/p>\n<p>A empresa exercia basicamente a fabrica\u00e7\u00e3o dos aparelhos criados e reparos de equipamentos eletroeletr\u00f4nicos, tendo uma equipe de mais dois colaboradores no setor de produ\u00e7\u00e3o e manuten\u00e7\u00e3o.[\/vc_column_text][\/vc_tta_section][vc_tta_section title=&#8221;Junho de 1984&#8243; tab_id=&#8221;1670513978847-158776cc-6523&#8243;][vc_column_text]Em junho de 1994, mudou-se a raz\u00e3o social e o objeto para \u00c1baco Com\u00e9rcio e Servi\u00e7os Ltda, pois, o foco da empresa aprofundou-se ainda mais na produ\u00e7\u00e3o e manuten\u00e7\u00e3o de equipamentos eletroeletr\u00f4nicos e servi\u00e7os de manuten\u00e7\u00e3o deste mesmo setor.<br \/>\nA empresa, com o passar do tempo, foi ganhando mercado consider\u00e1vel e grande potencial para expandir seu leque de atua\u00e7\u00e3o. Logo, as qualifica\u00e7\u00f5es de William, assim como de todos os colaboradores que compunham a equipe da empresa permitiram que fosse dado um passo maior.[\/vc_column_text][\/vc_tta_section][vc_tta_section title=&#8221;Janeiro de 2002&#8243; tab_id=&#8221;1670519815842-05411e1a-fa66&#8243;][vc_column_text]Ent\u00e3o, em janeiro de 2002, adquiriu-se um espa\u00e7o pr\u00f3prio para sediar a empresa e ampliar sua gama de clientes. A raz\u00e3o social foi alterada para ABCK Com\u00e9rcio de Materiais El\u00e9tricos Ltda, mantendo \u00c1baco como nome fantasia. A partir deste per\u00edodo, os equipamentos deixaram de ser produzidos, permaneceu-se com os servi\u00e7os de manuten\u00e7\u00e3o. E por causa da grande procura iniciou-se a instala\u00e7\u00e3o e o fornecimento de materiais de SPDA \u2013 Sistema de Prote\u00e7\u00e3o Contra Descargas Atmosf\u00e9ricas, CFTV, Alarmes e Port\u00f5es Eletr\u00f4nicos.[\/vc_column_text][\/vc_tta_section][vc_tta_section title=&#8221;Abril de 2004&#8243; tab_id=&#8221;1670519817287-d8864439-26e8&#8243;][vc_column_text]Por volta de 2003, William ampliou o leque de atua\u00e7\u00e3o da empresa, contratou mais profissionais e treinou-os juntamente de Bruno Guimar\u00e3es Berbari, Ge\u00f3grafo e Especialista de Trabalhos em Altura, sob a administra\u00e7\u00e3o de Clarice Guimar\u00e3es Berbari, Administradora de Empresas. A empresa passou a fornecer e instalar Elevadores de Carga e SPDA, mantendo a Presta\u00e7\u00e3o de Servi\u00e7os Eletroeletr\u00f4nicos.<\/p>\n<p>Em 2004 a empresa implantou um setor de cursos livres, denominado CENETI \u2013 Centro Eletroeletr\u00f4nico de Tecnologias Integradas, que foram ministrados at\u00e9 o ano de 2009 sob a coordena\u00e7\u00e3o de Marisa Guimar\u00e3es Berbari, tendo como professores o pr\u00f3prio William e mais outros dois engenheiros.[\/vc_column_text][\/vc_tta_section][vc_tta_section title=&#8221;Janeiro de 2013&#8243; tab_id=&#8221;1670519899581-6be4bef4-ce78&#8243;][vc_column_text]Em janeiro de 2013, a \u00c1baco passou a contar com a Arquiteta Urbanista, Gerente de Projetos (MBA) e Professora, Karine Guimar\u00e3es Berbari, que fundiu seu escrit\u00f3rio junto \u00e0 \u00c1baco e passou a fazer parte do time. Lan\u00e7ando m\u00e3o, junto aos demais, duma estrat\u00e9gia \u00e1gil, a auditoria interna de todos os setores da empresa, o que resultou num reestruturamento geral nos setores de atua\u00e7\u00e3o da empresa.<\/p>\n<p>Sendo assim, em julho de 2014, a \u00c1baco entrou numa nova era, norteada pela necessidade de transmitir conhecimentos e expandir os neg\u00f3cios de seu interesse. Criou-se o<br \/>\nGRUPO \u00c1BACO que engloba Seis Setores de atividades distintas:<\/p>\n<p>1. CAP Centro de Capacita\u00e7\u00e3o Profissional<br \/>\n2. PARA-RAIOS (Sistema de Prote\u00e7\u00e3o Contra Descargas Atmosf\u00e9ricas)<br \/>\n3. PORTE Servi\u00e7os El\u00e9tricos<br \/>\n4. MOVE Elevadores de Carga<br \/>\n5. UP! Trabalhos em Altura<br \/>\n6. SCUDO Seguran\u00e7a Eletr\u00f4nica<\/p>\n<p>O Grupo \u00c1BACO conta com profissionais e parceiros de variadas disciplinas, para que assim, possa atender \u00e0s demandas de cada setor do grupo, dentre os quais, engenheiros, arquitetos, t\u00e9cnicos, tecn\u00f3logos, professores e especialistas de diversas \u00e1reas.[\/vc_column_text][\/vc_tta_section][\/vc_tta_tabs]<div class=\"mf-empty-space \" style=\"\"><div class=\"mf_empty_space_lg\"  style=\"height: 80px\"><\/div><div class=\"mf_empty_space_md\"  style=\"height: 50px\"><\/div><div class=\"mf_empty_space_xs\"  style=\"height: 50px\"><\/div><\/div>[\/vc_column][\/vc_row][vc_row][vc_column]<div class=\"mf-empty-space \" style=\"\"><div class=\"mf_empty_space_lg\"  style=\"height: 80px\"><\/div><div class=\"mf_empty_space_md\"  style=\"height: 50px\"><\/div><div class=\"mf_empty_space_xs\"  style=\"height: 50px\"><\/div><\/div><div class=\"mf-section-title text-center dark large-size \"><h2 >GRUPO \u00c1BACO<\/h2><\/div><div class=\"mf-empty-space \" style=\"\"><div class=\"mf_empty_space_lg\"  style=\"height: 55px\"><\/div><div class=\"mf_empty_space_md\"  style=\"height: 30px\"><\/div><div class=\"mf_empty_space_xs\"  style=\"height: 30px\"><\/div><\/div>[vc_row_inner][vc_column_inner width=&#8221;1\/3&#8243;]<div class=\"mf-icon-box icon_type-fontawesome icon_style-has-background-color icon_position-top-center icon_size-large box-dark \"><span class=\"mf-icon\"><i class=\"fab fa-safari\"><\/i><\/span><div class=\"box-wrapper\"><h2 class=\"box-title\"><a href=\"#\" title=\"Clean Unpolluted\" target=\"_blank\">MISS\u00c3O<\/a><\/h2><div class=\"desc\"><\/div><\/div><\/div>[\/vc_column_inner][vc_column_inner width=&#8221;1\/3&#8243;]<div class=\"mf-icon-box icon_type-fontawesome icon_style-has-background-color icon_position-top-center icon_size-large box-dark \"><span class=\"mf-icon\"><i class=\"fas fa-quote-right\"><\/i><\/span><div class=\"box-wrapper\"><h2 class=\"box-title\"><a href=\"#\" title=\"Clean Unpolluted\" target=\"_blank\">VIS\u00c3O<\/a><\/h2><div class=\"desc\"><\/p>\n<p>&nbsp;<\/p>\n<p><\/div><\/div><\/div>[\/vc_column_inner][vc_column_inner width=&#8221;1\/3&#8243;]<div class=\"mf-icon-box icon_type-fontawesome icon_style-has-background-color icon_position-top-center icon_size-large box-dark \"><span class=\"mf-icon\"><i class=\"fas fa-pen-nib\"><\/i><\/span><div class=\"box-wrapper\"><h2 class=\"box-title\"><a href=\"#\" title=\"Clean Unpolluted\" target=\"_blank\">VALORES<\/a><\/h2><div class=\"desc\"><\/div><\/div><\/div>[\/vc_column_inner][\/vc_row_inner][\/vc_column][\/vc_row][vc_row equal_height=&#8221;yes&#8221; content_placement=&#8221;middle&#8221; enable_parallax=&#8221;yes&#8221; css=&#8221;.vc_custom_1580721032455{padding-top: 50px !important;padding-bottom: 50px !important;background-image: url(http:\/\/demo2.steelthemes.com\/induscity\/wp-content\/uploads\/sites\/9\/2020\/02\/action-bg-1.jpg?id=3888) !important;}&#8221;][vc_column offset=&#8221;vc_col-lg-9 vc_col-md-8&#8243;][vc_custom_heading text=&#8221;Quer uma parceria de resultados e eficiente para sua empresa? Fale com a gente.&#8221; font_container=&#8221;tag:h2|font_size:20|text_align:left&#8221; use_theme_fonts=&#8221;yes&#8221; el_class=&#8221;fw-medium main-color&#8221; css=&#8221;.vc_custom_1670521313770{margin-top: 0px !important;margin-bottom: 0px !important;}&#8221;]<div class=\"mf-empty-space \" style=\"\"><div class=\"mf_empty_space_lg\" ><\/div><div class=\"mf_empty_space_md\" ><\/div><div class=\"mf_empty_space_xs\"  style=\"height: 30px\"><\/div><\/div>[\/vc_column][vc_column offset=&#8221;vc_col-lg-3 vc_col-md-4&#8243;]<div class=\"mf-button align-right style-1 \"><a class=\"button mf-btn\" href=\"\/contato\" target=\"_blank\">Fale Conosco<\/a><\/div>[\/vc_column][\/vc_row][vc_row disable_element=&#8221;yes&#8221;][vc_column]<div class=\"mf-empty-space \" style=\"\"><div class=\"mf_empty_space_lg\"  style=\"height: 80px\"><\/div><div class=\"mf_empty_space_md\"  style=\"height: 50px\"><\/div><div class=\"mf_empty_space_xs\"  style=\"height: 50px\"><\/div><\/div><div class=\"mf-section-title text-left dark large-size \"><h2 >Meet Our Team<\/h2><\/div><div class=\"mf-team team-carousel \">\r\n\t\t\t\t<div class=\"team-list owl-carousel\" id=\"team-slider-69ebd39a06d86\"><div class=\"team-member \">\r\n\t\t\t\t\t\t<div class=\"team-header\"><img class=\"\" src=\"https:\/\/grupoabaco.com.br\/site\/wp-content\/uploads\/2020\/02\/team1.jpg\" width=\"265\" height=\"220\" alt=\"team1\" title=\"team1\" \/><ul class=\"team-social\"><li><a href=\"https:\/\/facebook.com\/\" target=\"_blank\"><i class=\"fa fa-facebook\"><\/i><\/a><\/li><li><a href=\"https:\/\/twitter.com\/\" target=\"_blank\"><i class=\"fa fa-twitter\"><\/i><\/a><\/li><li><a href=\"https:\/\/www.skype.com\/\" target=\"_blank\"><i class=\"fa fa-skype\"><\/i><\/a><\/li><\/ul><\/div>\r\n\t\t\t\t\t\t<div class=\"team-info\"><h4 class=\"name\">Vena Georgeyo<\/h4><span class=\"job\">Founder<\/span><\/div>\r\n\t\t\t\t\t<\/div><div class=\"team-member \">\r\n\t\t\t\t\t\t<div class=\"team-header\"><img class=\"\" src=\"https:\/\/grupoabaco.com.br\/site\/wp-content\/uploads\/2020\/02\/team2.jpg\" width=\"265\" height=\"220\" alt=\"team2\" title=\"team2\" \/><ul class=\"team-social\"><li><a href=\"https:\/\/facebook.com\/\" target=\"_blank\"><i class=\"fa fa-facebook\"><\/i><\/a><\/li><li><a href=\"https:\/\/twitter.com\/\" target=\"_blank\"><i class=\"fa fa-twitter\"><\/i><\/a><\/li><li><a href=\"https:\/\/www.skype.com\/\" target=\"_blank\"><i class=\"fa fa-skype\"><\/i><\/a><\/li><\/ul><\/div>\r\n\t\t\t\t\t\t<div class=\"team-info\"><h4 class=\"name\">Johny Zabrila<\/h4><span class=\"job\">Engineer<\/span><\/div>\r\n\t\t\t\t\t<\/div><div class=\"team-member \">\r\n\t\t\t\t\t\t<div class=\"team-header\"><img class=\"\" src=\"https:\/\/grupoabaco.com.br\/site\/wp-content\/uploads\/2020\/02\/team3.jpg\" width=\"265\" height=\"220\" alt=\"team3\" title=\"team3\" \/><ul class=\"team-social\"><li><a href=\"https:\/\/facebook.com\/\" target=\"_blank\"><i class=\"fa fa-facebook\"><\/i><\/a><\/li><li><a href=\"https:\/\/twitter.com\/\" target=\"_blank\"><i class=\"fa fa-twitter\"><\/i><\/a><\/li><li><a href=\"https:\/\/www.skype.com\/\" target=\"_blank\"><i class=\"fa fa-skype\"><\/i><\/a><\/li><\/ul><\/div>\r\n\t\t\t\t\t\t<div class=\"team-info\"><h4 class=\"name\">Philil Burphly<\/h4><span class=\"job\">HR Manager<\/span><\/div>\r\n\t\t\t\t\t<\/div><div class=\"team-member \">\r\n\t\t\t\t\t\t<div class=\"team-header\"><img class=\"\" src=\"https:\/\/grupoabaco.com.br\/site\/wp-content\/uploads\/2020\/02\/team4.jpg\" width=\"265\" height=\"220\" alt=\"team4\" title=\"team4\" \/><ul class=\"team-social\"><li><a href=\"https:\/\/facebook.com\/\" target=\"_blank\"><i class=\"fa fa-facebook\"><\/i><\/a><\/li><li><a href=\"https:\/\/twitter.com\/\" target=\"_blank\"><i class=\"fa fa-twitter\"><\/i><\/a><\/li><li><a href=\"https:\/\/www.skype.com\/\" target=\"_blank\"><i class=\"fa fa-skype\"><\/i><\/a><\/li><\/ul><\/div>\r\n\t\t\t\t\t\t<div class=\"team-info\"><h4 class=\"name\">Michal Wincent<\/h4><span class=\"job\">President<\/span><\/div>\r\n\t\t\t\t\t<\/div><div class=\"team-member \">\r\n\t\t\t\t\t\t<div class=\"team-header\"><img class=\"\" src=\"https:\/\/grupoabaco.com.br\/site\/wp-content\/uploads\/2020\/02\/team1.jpg\" width=\"265\" height=\"220\" alt=\"team1\" title=\"team1\" \/><ul class=\"team-social\"><li><a href=\"https:\/\/facebook.com\/\" target=\"_blank\"><i class=\"fa fa-facebook\"><\/i><\/a><\/li><li><a href=\"https:\/\/twitter.com\/\" target=\"_blank\"><i class=\"fa fa-twitter\"><\/i><\/a><\/li><li><a href=\"https:\/\/www.skype.com\/\" target=\"_blank\"><i class=\"fa fa-skype\"><\/i><\/a><\/li><\/ul><\/div>\r\n\t\t\t\t\t\t<div class=\"team-info\"><h4 class=\"name\">Vena Georgeyo<\/h4><span class=\"job\">Founder<\/span><\/div>\r\n\t\t\t\t\t<\/div><\/div>\r\n\t\t\t<\/div><div class=\"mf-empty-space \" style=\"\"><div class=\"mf_empty_space_lg\"  style=\"height: 5px\"><\/div><div class=\"mf_empty_space_md\"  style=\"height: 5px\"><\/div><div class=\"mf_empty_space_xs\"  style=\"height: 5px\"><\/div><\/div>[vc_column_text]<\/p>\n<div class=\"text-center\" style=\"font-size: 20px; color: #393939; font-weight: 500;\">We\u2019re always looking for talented Engineers, creative directors and anyone has a<br \/>\npassion for the Railway Infrastructure <span class=\"main-color\">join our team.<\/span><\/div>\n<p>[\/vc_column_text]<div class=\"mf-empty-space \" style=\"\"><div class=\"mf_empty_space_lg\"  style=\"height: 80px\"><\/div><div class=\"mf_empty_space_md\"  style=\"height: 50px\"><\/div><div class=\"mf_empty_space_xs\"  style=\"height: 50px\"><\/div><\/div>[\/vc_column][\/vc_row]<\/p>\n","protected":false},"excerpt":{"rendered":"<p>[vc_row][vc_column][vc_row_inner][vc_column_inner width=&#8221;1\/2&#8243;][vc_single_image image=&#8221;3965&#8243; img_size=&#8221;full&#8221;][\/vc_column_inner][vc_column_inner width=&#8221;1\/2&#8243;][vc_custom_heading text=&#8221;Somos uma empresa focada em entregar a voc\u00ea, solu\u00e7\u00f5es eficientes e completas, criando parcerias de sucesso e longo prazo&#8221; font_container=&#8221;tag:h2|font_size:24|text_align:left&#8221; use_theme_fonts=&#8221;yes&#8221; el_class=&#8221;fw-medium&#8221; css=&#8221;.vc_custom_1670512620294{margin-top: 0px !important;margin-bottom: 0px !important;}&#8221;][vc_column_text] O Grupo \u00c1baco se estruturou ao longo dos anos para criar, junto \u00e0 seus parceiros e clientes, uma parceria estrat\u00e9gica no atendimento de [&hellip;]<\/p>\n","protected":false},"author":1,"featured_media":0,"parent":0,"menu_order":0,"comment_status":"closed","ping_status":"closed","template":"template-fullwidth.php","meta":[],"_links":{"self":[{"href":"https:\/\/grupoabaco.com.br\/site\/wp-json\/wp\/v2\/pages\/4017"}],"collection":[{"href":"https:\/\/grupoabaco.com.br\/site\/wp-json\/wp\/v2\/pages"}],"about":[{"href":"https:\/\/grupoabaco.com.br\/site\/wp-json\/wp\/v2\/types\/page"}],"author":[{"embeddable":true,"href":"https:\/\/grupoabaco.com.br\/site\/wp-json\/wp\/v2\/users\/1"}],"replies":[{"embeddable":true,"href":"https:\/\/grupoabaco.com.br\/site\/wp-json\/wp\/v2\/comments?post=4017"}],"version-history":[{"count":38,"href":"https:\/\/grupoabaco.com.br\/site\/wp-json\/wp\/v2\/pages\/4017\/revisions"}],"predecessor-version":[{"id":4170,"href":"https:\/\/grupoabaco.com.br\/site\/wp-json\/wp\/v2\/pages\/4017\/revisions\/4170"}],"wp:attachment":[{"href":"https:\/\/grupoabaco.com.br\/site\/wp-json\/wp\/v2\/media?parent=4017"}],"curies":[{"name":"wp","href":"https:\/\/api.w.org\/{rel}","templated":true}]}}