{"id":4093,"date":"2022-12-10T13:22:39","date_gmt":"2022-12-10T13:22:39","guid":{"rendered":"https:\/\/grupoabaco.com.br\/site\/?page_id=4093"},"modified":"2022-12-12T18:37:18","modified_gmt":"2022-12-12T18:37:18","slug":"move-monta-cargas","status":"publish","type":"page","link":"https:\/\/grupoabaco.com.br\/site\/move-monta-cargas\/","title":{"rendered":"MOVE MONTA CARGAS"},"content":{"rendered":"<p>[vc_row full_width=&#8221;stretch_row&#8221; overlay=&#8221;rgba(255,255,255,0.5)&#8221; css=&#8221;.vc_custom_1670678438150{background-image: url(https:\/\/grupoabaco.com.br\/site\/wp-content\/uploads\/2022\/12\/10-scaled-1.jpg?id=4094) !important;background-position: center !important;background-repeat: no-repeat !important;background-size: cover !important;}&#8221;][vc_column css=&#8221;.vc_custom_1670525360632{padding-top: 150px !important;padding-bottom: 100px !important;}&#8221;][vc_single_image image=&#8221;4063&#8243; img_size=&#8221;full&#8221; alignment=&#8221;center&#8221;][\/vc_column][\/vc_row][vc_row css=&#8221;.vc_custom_1670526370056{padding-top: 50px !important;padding-bottom: 50px !important;}&#8221;][vc_column width=&#8221;1\/2&#8243;][vc_column_text]<\/p>\n<p>No mercado desde 2010, MOVE Elevadores de carga produz e instala elevadores de carga para restaurantes e supermercados conhecidos como Monta Cargas (MC) e Monta Pratos (MP). O MOVE tamb\u00e9m atende as demandas por plataformas para cadeirantes e P.M.R (pessoas com mobilidade reduzida).<\/p>\n<p>Para transporte de cargas maiores ficam em destaque os Elevadores de Carga (EC) para transporte de motos da Harley Davidson de Belo Horizonte e do Rio de Janeiro fornecidos pela MOVE.<br \/>\nA especialidade do MOVE \u00e9 produzir e instalar elevadores de carga el\u00e9tricos para ind\u00fastrias e com\u00e9rcios, atendendo as normas vigentes, especialmente a ABNT NBR 14712.[\/vc_column_text][\/vc_column][vc_column width=&#8221;1\/2&#8243;][vc_column_text]<\/p>\n<p>Os equipamentos s\u00e3o feitos de chapas met\u00e1licas galvanizadas ou em a\u00e7o inox, a depender da carga a ser transportada e da apar\u00eancia desejada pelo cliente, atendendo as exig\u00eancias da ANVISA e norma j\u00e1 citada.<\/p>\n<p>O MOVE trabalha apenas com produ\u00e7\u00e3o customizada, ou seja, os equipamentos s\u00e3o feitos sob medida e s\u00e3o pe\u00e7as \u00fanicas, n\u00e3o havendo produ\u00e7\u00e3o de estoque.[\/vc_column_text][\/vc_column][\/vc_row][vc_row equal_height=&#8221;yes&#8221; content_placement=&#8221;middle&#8221; enable_parallax=&#8221;yes&#8221; css=&#8221;.vc_custom_1580721032455{padding-top: 50px !important;padding-bottom: 50px !important;background-image: url(http:\/\/demo2.steelthemes.com\/induscity\/wp-content\/uploads\/sites\/9\/2020\/02\/action-bg-1.jpg?id=3888) !important;}&#8221;][vc_column offset=&#8221;vc_col-lg-9 vc_col-md-8&#8243;][vc_custom_heading text=&#8221;Quer uma parceria de resultados e eficiente para sua empresa? Fale com a gente.&#8221; font_container=&#8221;tag:h2|font_size:20|text_align:left&#8221; use_theme_fonts=&#8221;yes&#8221; el_class=&#8221;fw-medium main-color&#8221; css=&#8221;.vc_custom_1670521313770{margin-top: 0px !important;margin-bottom: 0px !important;}&#8221;]<div class=\"mf-empty-space \" style=\"\"><div class=\"mf_empty_space_lg\" ><\/div><div class=\"mf_empty_space_md\" ><\/div><div class=\"mf_empty_space_xs\"  style=\"height: 30px\"><\/div><\/div>[\/vc_column][vc_column offset=&#8221;vc_col-lg-3 vc_col-md-4&#8243;]<div class=\"mf-button align-right style-1 \"><a class=\"button mf-btn\" href=\"\/contato\" target=\"_blank\">Fale Conosco<\/a><\/div>[\/vc_column][\/vc_row]<\/p>\n","protected":false},"excerpt":{"rendered":"<p>[vc_row full_width=&#8221;stretch_row&#8221; overlay=&#8221;rgba(255,255,255,0.5)&#8221; css=&#8221;.vc_custom_1670678438150{background-image: url(https:\/\/grupoabaco.com.br\/site\/wp-content\/uploads\/2022\/12\/10-scaled-1.jpg?id=4094) !important;background-position: center !important;background-repeat: no-repeat !important;background-size: cover !important;}&#8221;][vc_column css=&#8221;.vc_custom_1670525360632{padding-top: 150px !important;padding-bottom: 100px !important;}&#8221;][vc_single_image image=&#8221;4063&#8243; img_size=&#8221;full&#8221; alignment=&#8221;center&#8221;][\/vc_column][\/vc_row][vc_row css=&#8221;.vc_custom_1670526370056{padding-top: 50px !important;padding-bottom: 50px !important;}&#8221;][vc_column width=&#8221;1\/2&#8243;][vc_column_text] No mercado desde 2010, MOVE Elevadores de carga produz e instala elevadores de carga para restaurantes e supermercados conhecidos como Monta Cargas (MC) e Monta Pratos (MP). O MOVE [&hellip;]<\/p>\n","protected":false},"author":1,"featured_media":0,"parent":0,"menu_order":0,"comment_status":"closed","ping_status":"closed","template":"template-fullwidth.php","meta":[],"_links":{"self":[{"href":"https:\/\/grupoabaco.com.br\/site\/wp-json\/wp\/v2\/pages\/4093"}],"collection":[{"href":"https:\/\/grupoabaco.com.br\/site\/wp-json\/wp\/v2\/pages"}],"about":[{"href":"https:\/\/grupoabaco.com.br\/site\/wp-json\/wp\/v2\/types\/page"}],"author":[{"embeddable":true,"href":"https:\/\/grupoabaco.com.br\/site\/wp-json\/wp\/v2\/users\/1"}],"replies":[{"embeddable":true,"href":"https:\/\/grupoabaco.com.br\/site\/wp-json\/wp\/v2\/comments?post=4093"}],"version-history":[{"count":2,"href":"https:\/\/grupoabaco.com.br\/site\/wp-json\/wp\/v2\/pages\/4093\/revisions"}],"predecessor-version":[{"id":4222,"href":"https:\/\/grupoabaco.com.br\/site\/wp-json\/wp\/v2\/pages\/4093\/revisions\/4222"}],"wp:attachment":[{"href":"https:\/\/grupoabaco.com.br\/site\/wp-json\/wp\/v2\/media?parent=4093"}],"curies":[{"name":"wp","href":"https:\/\/api.w.org\/{rel}","templated":true}]}}