{"id":4100,"date":"2022-12-11T14:16:57","date_gmt":"2022-12-11T14:16:57","guid":{"rendered":"https:\/\/grupoabaco.com.br\/site\/?page_id=4100"},"modified":"2022-12-11T14:41:46","modified_gmt":"2022-12-11T14:41:46","slug":"up-trabalho-em-altura","status":"publish","type":"page","link":"https:\/\/grupoabaco.com.br\/site\/up-trabalho-em-altura\/","title":{"rendered":"UP TRABALHO EM ALTURA"},"content":{"rendered":"<p>[vc_row full_width=&#8221;stretch_row&#8221; overlay=&#8221;rgba(255,255,255,0.5)&#8221; css=&#8221;.vc_custom_1670769653182{background-image: url(https:\/\/grupoabaco.com.br\/site\/wp-content\/uploads\/2022\/12\/shutterstock_1145887868.png?id=4104) !important;background-position: center !important;background-repeat: no-repeat !important;background-size: cover !important;}&#8221;][vc_column css=&#8221;.vc_custom_1670525360632{padding-top: 150px !important;padding-bottom: 100px !important;}&#8221;][vc_single_image image=&#8221;4067&#8243; img_size=&#8221;full&#8221; alignment=&#8221;center&#8221;][\/vc_column][\/vc_row][vc_row css=&#8221;.vc_custom_1670526370056{padding-top: 50px !important;padding-bottom: 50px !important;}&#8221;][vc_column width=&#8221;1\/2&#8243;][vc_column_text]O setor UP! Trabalhos em Altura tem atuado na grande BH desde 2008, primeiramente fazendo pinturas e limpeza de fachadas e em seguida, reparos em pr\u00e9dios de altura acess\u00edvel apenas por corda e profissionais treinados para servi\u00e7os verticais.<\/p>\n<p>Atualmente este setor conta com parceiros e terceirizados que al\u00e9m dos itens citados realiza tamb\u00e9m impermeabiliza\u00e7\u00f5es e participa das instala\u00e7\u00f5es de SPDA em fun\u00e7\u00e3o da demanda de clientes estarem crescente.<br \/>\nOs profissionais dos Trabalhos Verticais s\u00e3o treinados internamente e possuem o Certificado do Curso de NR 35 \u2013 Norma Regulamentadora de Trabalhos em Altura e Acesso por Corda.[\/vc_column_text][\/vc_column][vc_column width=&#8221;1\/2&#8243;][vc_column_text]<strong>Servi\u00e7os:<\/strong><\/p>\n<p>\u2013 Limpeza de Fachadas.<br \/>\n\u2013 Juntas de Dilata\u00e7\u00e3o.<br \/>\n\u2013 Impermeabiliza\u00e7\u00e3o.<br \/>\n\u2013 Manuten\u00e7\u00e3o Preventiva.<br \/>\n\u2013 Atividades em altura.<\/p>\n<p>A UP trabalho em altura\u00a0 \u00e9 Gerenciada pelo Ge\u00f3grafo, especialista em trabalhos de altura, especialista em SPDA e MBA em Gerenciamento de Projetos pela FGV, Bruno Guimar\u00e3es Berbari.[\/vc_column_text][\/vc_column][\/vc_row][vc_row equal_height=&#8221;yes&#8221; content_placement=&#8221;middle&#8221; enable_parallax=&#8221;yes&#8221; css=&#8221;.vc_custom_1580721032455{padding-top: 50px !important;padding-bottom: 50px !important;background-image: url(http:\/\/demo2.steelthemes.com\/induscity\/wp-content\/uploads\/sites\/9\/2020\/02\/action-bg-1.jpg?id=3888) !important;}&#8221;][vc_column offset=&#8221;vc_col-lg-9 vc_col-md-8&#8243;][vc_custom_heading text=&#8221;Quer uma parceria de resultados e eficiente para sua empresa? Fale com a gente.&#8221; font_container=&#8221;tag:h2|font_size:20|text_align:left&#8221; use_theme_fonts=&#8221;yes&#8221; el_class=&#8221;fw-medium main-color&#8221; css=&#8221;.vc_custom_1670521313770{margin-top: 0px !important;margin-bottom: 0px !important;}&#8221;]<div class=\"mf-empty-space \" style=\"\"><div class=\"mf_empty_space_lg\" ><\/div><div class=\"mf_empty_space_md\" ><\/div><div class=\"mf_empty_space_xs\"  style=\"height: 30px\"><\/div><\/div>[\/vc_column][vc_column offset=&#8221;vc_col-lg-3 vc_col-md-4&#8243;]<div class=\"mf-button align-right style-1 \"><a class=\"button mf-btn\" href=\"\/contato\" target=\"_blank\">Fale Conosco<\/a><\/div>[\/vc_column][\/vc_row]<\/p>\n","protected":false},"excerpt":{"rendered":"<p>[vc_row full_width=&#8221;stretch_row&#8221; overlay=&#8221;rgba(255,255,255,0.5)&#8221; css=&#8221;.vc_custom_1670769653182{background-image: url(https:\/\/grupoabaco.com.br\/site\/wp-content\/uploads\/2022\/12\/shutterstock_1145887868.png?id=4104) !important;background-position: center !important;background-repeat: no-repeat !important;background-size: cover !important;}&#8221;][vc_column css=&#8221;.vc_custom_1670525360632{padding-top: 150px !important;padding-bottom: 100px !important;}&#8221;][vc_single_image image=&#8221;4067&#8243; img_size=&#8221;full&#8221; alignment=&#8221;center&#8221;][\/vc_column][\/vc_row][vc_row css=&#8221;.vc_custom_1670526370056{padding-top: 50px !important;padding-bottom: 50px !important;}&#8221;][vc_column width=&#8221;1\/2&#8243;][vc_column_text]O setor UP! Trabalhos em Altura tem atuado na grande BH desde 2008, primeiramente fazendo pinturas e limpeza de fachadas e em seguida, reparos em pr\u00e9dios de altura acess\u00edvel apenas [&hellip;]<\/p>\n","protected":false},"author":1,"featured_media":0,"parent":0,"menu_order":0,"comment_status":"closed","ping_status":"closed","template":"template-fullwidth.php","meta":[],"_links":{"self":[{"href":"https:\/\/grupoabaco.com.br\/site\/wp-json\/wp\/v2\/pages\/4100"}],"collection":[{"href":"https:\/\/grupoabaco.com.br\/site\/wp-json\/wp\/v2\/pages"}],"about":[{"href":"https:\/\/grupoabaco.com.br\/site\/wp-json\/wp\/v2\/types\/page"}],"author":[{"embeddable":true,"href":"https:\/\/grupoabaco.com.br\/site\/wp-json\/wp\/v2\/users\/1"}],"replies":[{"embeddable":true,"href":"https:\/\/grupoabaco.com.br\/site\/wp-json\/wp\/v2\/comments?post=4100"}],"version-history":[{"count":2,"href":"https:\/\/grupoabaco.com.br\/site\/wp-json\/wp\/v2\/pages\/4100\/revisions"}],"predecessor-version":[{"id":4105,"href":"https:\/\/grupoabaco.com.br\/site\/wp-json\/wp\/v2\/pages\/4100\/revisions\/4105"}],"wp:attachment":[{"href":"https:\/\/grupoabaco.com.br\/site\/wp-json\/wp\/v2\/media?parent=4100"}],"curies":[{"name":"wp","href":"https:\/\/api.w.org\/{rel}","templated":true}]}}