{"id":4101,"date":"2022-12-11T14:17:01","date_gmt":"2022-12-11T14:17:01","guid":{"rendered":"https:\/\/grupoabaco.com.br\/site\/?page_id=4101"},"modified":"2022-12-11T15:03:28","modified_gmt":"2022-12-11T15:03:28","slug":"porte-servicos-eletricos","status":"publish","type":"page","link":"https:\/\/grupoabaco.com.br\/site\/porte-servicos-eletricos\/","title":{"rendered":"PORTE SERVI\u00c7OS EL\u00c9TRICOS"},"content":{"rendered":"<p>[vc_row full_width=&#8221;stretch_row&#8221; overlay=&#8221;rgba(255,255,255,0.5)&#8221; css=&#8221;.vc_custom_1670770955717{background-image: url(https:\/\/grupoabaco.com.br\/site\/wp-content\/uploads\/2022\/12\/energiasolar.jpg?id=4107) !important;background-position: center !important;background-repeat: no-repeat !important;background-size: cover !important;}&#8221;][vc_column css=&#8221;.vc_custom_1670525360632{padding-top: 150px !important;padding-bottom: 100px !important;}&#8221;][vc_single_image image=&#8221;4065&#8243; img_size=&#8221;full&#8221; alignment=&#8221;center&#8221;][\/vc_column][\/vc_row][vc_row css=&#8221;.vc_custom_1670526370056{padding-top: 50px !important;padding-bottom: 50px !important;}&#8221;][vc_column width=&#8221;1\/2&#8243;][vc_column_text]O setor PORTE Servi\u00e7os El\u00e9tricos executa, com responsabilidade e profissionalismo, projetos el\u00e9tricos, reengenharia, reparos, adequa\u00e7\u00f5es, obras de instala\u00e7\u00f5es el\u00e9tricas, cabeamento estruturado, sistemas de seguran\u00e7a patrimonial e automa\u00e7\u00e3o.<\/p>\n<p>Promover solu\u00e7\u00f5es na \u00e1rea de projetos el\u00e9tricos, prestando servi\u00e7os de qualidade que atendam os mais r\u00edgidos controles de padr\u00f5es de qualidade, seguran\u00e7a e das normas ABNT NBR 5410.[\/vc_column_text][\/vc_column][vc_column width=&#8221;1\/2&#8243;][vc_column_text]<strong>Servi\u00e7os<\/strong><\/p>\n<p>\u2013 Sistemas de Seguran\u00e7a Eletr\u00f4nica:<br \/>\nTrabalhamos com as melhores marcas de equipamentos de automa\u00e7\u00e3o predial e seguran\u00e7a eletr\u00f4nica, destacando-se CFTV \u2013 DVR Circuitos fechados de TV, Alarmes com e sem fio, Porteiro Eletr\u00f4nico, Indicadores e Alarme de N\u00edvel de Caixas D\u2019\u00e1gua.<\/p>\n<p>\u2013 Eletricidade E\u00f3lica e Fotovoltaica:<br \/>\nProjetos e instala\u00e7\u00e3o de Geradores de Energia Alternativa, E\u00f3lica e Fotovoltaica, possibilitando alimentar luzes de \u00e1reas comuns e outros equipamentos sem consumo de energia da concessionaria.[\/vc_column_text][\/vc_column][\/vc_row][vc_row equal_height=&#8221;yes&#8221; content_placement=&#8221;middle&#8221; enable_parallax=&#8221;yes&#8221; css=&#8221;.vc_custom_1580721032455{padding-top: 50px !important;padding-bottom: 50px !important;background-image: url(http:\/\/demo2.steelthemes.com\/induscity\/wp-content\/uploads\/sites\/9\/2020\/02\/action-bg-1.jpg?id=3888) !important;}&#8221;][vc_column offset=&#8221;vc_col-lg-9 vc_col-md-8&#8243;][vc_custom_heading text=&#8221;Quer uma parceria de resultados e eficiente para sua empresa? Fale com a gente.&#8221; font_container=&#8221;tag:h2|font_size:20|text_align:left&#8221; use_theme_fonts=&#8221;yes&#8221; el_class=&#8221;fw-medium main-color&#8221; css=&#8221;.vc_custom_1670521313770{margin-top: 0px !important;margin-bottom: 0px !important;}&#8221;]<div class=\"mf-empty-space \" style=\"\"><div class=\"mf_empty_space_lg\" ><\/div><div class=\"mf_empty_space_md\" ><\/div><div class=\"mf_empty_space_xs\"  style=\"height: 30px\"><\/div><\/div>[\/vc_column][vc_column offset=&#8221;vc_col-lg-3 vc_col-md-4&#8243;]<div class=\"mf-button align-right style-1 \"><a class=\"button mf-btn\" href=\"\/contato\" target=\"_blank\">Fale Conosco<\/a><\/div>[\/vc_column][\/vc_row]<\/p>\n","protected":false},"excerpt":{"rendered":"<p>[vc_row full_width=&#8221;stretch_row&#8221; overlay=&#8221;rgba(255,255,255,0.5)&#8221; css=&#8221;.vc_custom_1670770955717{background-image: url(https:\/\/grupoabaco.com.br\/site\/wp-content\/uploads\/2022\/12\/energiasolar.jpg?id=4107) !important;background-position: center !important;background-repeat: no-repeat !important;background-size: cover !important;}&#8221;][vc_column css=&#8221;.vc_custom_1670525360632{padding-top: 150px !important;padding-bottom: 100px !important;}&#8221;][vc_single_image image=&#8221;4065&#8243; img_size=&#8221;full&#8221; alignment=&#8221;center&#8221;][\/vc_column][\/vc_row][vc_row css=&#8221;.vc_custom_1670526370056{padding-top: 50px !important;padding-bottom: 50px !important;}&#8221;][vc_column width=&#8221;1\/2&#8243;][vc_column_text]O setor PORTE Servi\u00e7os El\u00e9tricos executa, com responsabilidade e profissionalismo, projetos el\u00e9tricos, reengenharia, reparos, adequa\u00e7\u00f5es, obras de instala\u00e7\u00f5es el\u00e9tricas, cabeamento estruturado, sistemas de seguran\u00e7a patrimonial e automa\u00e7\u00e3o. Promover solu\u00e7\u00f5es na [&hellip;]<\/p>\n","protected":false},"author":1,"featured_media":0,"parent":0,"menu_order":0,"comment_status":"closed","ping_status":"closed","template":"template-fullwidth.php","meta":[],"_links":{"self":[{"href":"https:\/\/grupoabaco.com.br\/site\/wp-json\/wp\/v2\/pages\/4101"}],"collection":[{"href":"https:\/\/grupoabaco.com.br\/site\/wp-json\/wp\/v2\/pages"}],"about":[{"href":"https:\/\/grupoabaco.com.br\/site\/wp-json\/wp\/v2\/types\/page"}],"author":[{"embeddable":true,"href":"https:\/\/grupoabaco.com.br\/site\/wp-json\/wp\/v2\/users\/1"}],"replies":[{"embeddable":true,"href":"https:\/\/grupoabaco.com.br\/site\/wp-json\/wp\/v2\/comments?post=4101"}],"version-history":[{"count":2,"href":"https:\/\/grupoabaco.com.br\/site\/wp-json\/wp\/v2\/pages\/4101\/revisions"}],"predecessor-version":[{"id":4108,"href":"https:\/\/grupoabaco.com.br\/site\/wp-json\/wp\/v2\/pages\/4101\/revisions\/4108"}],"wp:attachment":[{"href":"https:\/\/grupoabaco.com.br\/site\/wp-json\/wp\/v2\/media?parent=4101"}],"curies":[{"name":"wp","href":"https:\/\/api.w.org\/{rel}","templated":true}]}}